{"id":5092,"date":"2023-08-31T10:27:18","date_gmt":"2023-08-31T13:27:18","guid":{"rendered":"https:\/\/ead-betelbrasileiro.com\/?page_id=5092"},"modified":"2024-05-28T11:20:16","modified_gmt":"2024-05-28T14:20:16","slug":"relacao-de-modulos-do-mes","status":"publish","type":"page","link":"https:\/\/ead-betelbrasileiro.com\/en\/relacao-de-modulos-do-mes\/","title":{"rendered":"Rela\u00e7\u00e3o de m\u00f3dulos do m\u00eas"},"content":{"rendered":"<div data-elementor-type=\"wp-page\" data-elementor-id=\"5092\" class=\"elementor elementor-5092\" data-elementor-post-type=\"page\">\n\t\t\t\t\t\t<section class=\"elementor-section elementor-top-section elementor-element elementor-element-48db5f9 elementor-section-boxed elementor-section-height-default elementor-section-height-default\" data-id=\"48db5f9\" data-element_type=\"section\" data-e-type=\"section\">\n\t\t\t\t\t\t<div class=\"elementor-container elementor-column-gap-default\">\n\t\t\t\t\t<div class=\"elementor-column elementor-col-100 elementor-top-column elementor-element elementor-element-65024d5\" data-id=\"65024d5\" data-element_type=\"column\" data-e-type=\"column\">\n\t\t\t<div class=\"elementor-widget-wrap elementor-element-populated\">\n\t\t\t\t\t\t<div class=\"elementor-element elementor-element-881a0f5 elementor-widget elementor-widget-spacer\" data-id=\"881a0f5\" data-element_type=\"widget\" data-e-type=\"widget\" data-widget_type=\"spacer.default\">\n\t\t\t\t<div class=\"elementor-widget-container\">\n\t\t\t\t\t\t\t<div class=\"elementor-spacer\">\n\t\t\t<div class=\"elementor-spacer-inner\"><\/div>\n\t\t<\/div>\n\t\t\t\t\t\t<\/div>\n\t\t\t\t<\/div>\n\t\t\t\t<div class=\"elementor-element elementor-element-1720210 elementor-widget elementor-widget-text-editor\" data-id=\"1720210\" data-element_type=\"widget\" data-e-type=\"widget\" data-widget_type=\"text-editor.default\">\n\t\t\t\t<div class=\"elementor-widget-container\">\n\t\t\t\t\t\t\t\t\t<h2 style=\"text-align: center;\"><strong><u>LINKS DOS M\u00d3DULOS JUNHO 2024.1<\/u><\/strong><\/h2><p>\u00a0<\/p><p>Lideran\u00e7a Crist\u00e3<\/p><p><a href=\"https:\/\/classroom.google.com\/c\/NjgzOTAwNzA5ODIx?cjc=6sv2fzh\">https:\/\/classroom.google.com\/c\/NjgzOTAwNzA5ODIx?cjc=6sv2fzh<\/a><\/p><p>\u00a0<\/p><p>Teologia Sist. (Bibliologia\/Teontologia)<\/p><p><a href=\"https:\/\/classroom.google.com\/c\/NjgzODk4MTUwMTk2?cjc=a6fh55q\">https:\/\/classroom.google.com\/c\/NjgzODk4MTUwMTk2?cjc=a6fh55q<\/a><\/p><p>\u00a0<\/p><p>Geografia e Arq. B\u00edblica<\/p><p><a href=\"https:\/\/classroom.google.com\/c\/NjgzODk5MjAwMjI3?cjc=uy2dkrb\">https:\/\/classroom.google.com\/c\/NjgzODk5MjAwMjI3?cjc=uy2dkrb<\/a><\/p><p>\u00a0<\/p><p>Exegese do NT<\/p><p><a href=\"https:\/\/classroom.google.com\/c\/NjgzODkyNTkzNDQ1?cjc=bkiiim2\">https:\/\/classroom.google.com\/c\/NjgzODkyNTkzNDQ1?cjc=bkiiim2<\/a><\/p><p>\u00a0<\/p><p>Exegese do AT<\/p><p><a href=\"https:\/\/classroom.google.com\/c\/NjgyMDQ0ODAwOTk4?cjc=7nckrtj\">https:\/\/classroom.google.com\/c\/NjgyMDQ0ODAwOTk4?cjc=7nckrtj<\/a><\/p><p>\u00a0<\/p><p>Educa\u00e7\u00e3o Crist\u00e3 II<\/p><p><a href=\"https:\/\/classroom.google.com\/c\/NjgyMDQ0NjEzMzA1?cjc=bv5tsxi\">https:\/\/classroom.google.com\/c\/NjgyMDQ0NjEzMzA1?cjc=bv5tsxi<\/a><\/p><p>\u00a0<\/p><p>An\u00e1lise Ef\u00e9sios<\/p><p><a href=\"https:\/\/classroom.google.com\/c\/NjgyMDQ0ODA1NzI2?cjc=3qi5ozq\">https:\/\/classroom.google.com\/c\/NjgyMDQ0ODA1NzI2?cjc=3qi5ozq<\/a><\/p><p>\u00a0<\/p><p>Panorama do AT \u2013 Po\u00e9ticos<\/p><p><a href=\"https:\/\/classroom.google.com\/c\/NjgyMDQ0ODQyNzAx?cjc=pzntgoe\">https:\/\/classroom.google.com\/c\/NjgyMDQ0ODQyNzAx?cjc=pzntgoe<\/a><\/p><p>\u00a0<\/p><p>Antropologia Cultural e Contextualiza\u00e7\u00e3o<\/p><p><a href=\"https:\/\/classroom.google.com\/c\/NjgyMDQ0NzU1MDgy?cjc=ea23pdc\">https:\/\/classroom.google.com\/c\/NjgyMDQ0NzU1MDgy?cjc=ea23pdc<\/a><\/p><p>\u00a0<\/p><p>Cenam 2024.1 2\u00b0 Programa<\/p><p><a href=\"https:\/\/classroom.google.com\/c\/Njc1MjM3MDc1NzUw?cjc=6remyg6\">https:\/\/classroom.google.com\/c\/Njc1MjM3MDc1NzUw?cjc=6remyg6<\/a><\/p><p>\u00a0<\/p>\t\t\t\t\t\t\t\t<\/div>\n\t\t\t\t<\/div>\n\t\t\t\t\t<\/div>\n\t\t<\/div>\n\t\t\t\t\t<\/div>\n\t\t<\/section>\n\t\t\t\t<\/div>","protected":false},"excerpt":{"rendered":"<p>LINKS DOS M\u00d3DULOS JUNHO 2024.1 \u00a0 Lideran\u00e7a Crist\u00e3 https:\/\/classroom.google.com\/c\/NjgzOTAwNzA5ODIx?cjc=6sv2fzh \u00a0 Teologia Sist. (Bibliologia\/Teontologia) https:\/\/classroom.google.com\/c\/NjgzODk4MTUwMTk2?cjc=a6fh55q \u00a0 Geografia e Arq. B\u00edblica https:\/\/classroom.google.com\/c\/NjgzODk5MjAwMjI3?cjc=uy2dkrb \u00a0 Exegese do NT https:\/\/classroom.google.com\/c\/NjgzODkyNTkzNDQ1?cjc=bkiiim2 \u00a0 Exegese do AT https:\/\/classroom.google.com\/c\/NjgyMDQ0ODAwOTk4?cjc=7nckrtj \u00a0 Educa\u00e7\u00e3o Crist\u00e3 II https:\/\/classroom.google.com\/c\/NjgyMDQ0NjEzMzA1?cjc=bv5tsxi \u00a0 An\u00e1lise Ef\u00e9sios https:\/\/classroom.google.com\/c\/NjgyMDQ0ODA1NzI2?cjc=3qi5ozq \u00a0 Panorama do AT \u2013 Po\u00e9ticos https:\/\/classroom.google.com\/c\/NjgyMDQ0ODQyNzAx?cjc=pzntgoe \u00a0 Antropologia Cultural e Contextualiza\u00e7\u00e3o https:\/\/classroom.google.com\/c\/NjgyMDQ0NzU1MDgy?cjc=ea23pdc \u00a0 Cenam 2024.1 [&hellip;]<\/p>\n","protected":false},"author":1,"featured_media":5721,"parent":0,"menu_order":0,"comment_status":"closed","ping_status":"closed","template":"","meta":{"_eb_attr":"","_uag_custom_page_level_css":"","footnotes":""},"class_list":["post-5092","page","type-page","status-publish","has-post-thumbnail","hentry"],"yoast_head":"<!-- This site is optimized with the Yoast SEO plugin v27.2 - https:\/\/yoast.com\/product\/yoast-seo-wordpress\/ -->\n<title>Rela\u00e7\u00e3o de m\u00f3dulos do m\u00eas - Ead-Betel Brasileiro (oficial)<\/title>\n<meta name=\"robots\" content=\"index, follow, max-snippet:-1, max-image-preview:large, max-video-preview:-1\" \/>\n<link rel=\"canonical\" href=\"https:\/\/ead-betelbrasileiro.com\/en\/relacao-de-modulos-do-mes\/\" \/>\n<meta property=\"og:locale\" content=\"en_US\" \/>\n<meta property=\"og:type\" content=\"article\" \/>\n<meta property=\"og:title\" content=\"Rela\u00e7\u00e3o de m\u00f3dulos do m\u00eas - Ead-Betel Brasileiro (oficial)\" \/>\n<meta property=\"og:description\" content=\"LINKS DOS M\u00d3DULOS JUNHO 2024.1 \u00a0 Lideran\u00e7a Crist\u00e3 https:\/\/classroom.google.com\/c\/NjgzOTAwNzA5ODIx?cjc=6sv2fzh \u00a0 Teologia Sist. (Bibliologia\/Teontologia) https:\/\/classroom.google.com\/c\/NjgzODk4MTUwMTk2?cjc=a6fh55q \u00a0 Geografia e Arq. B\u00edblica https:\/\/classroom.google.com\/c\/NjgzODk5MjAwMjI3?cjc=uy2dkrb \u00a0 Exegese do NT https:\/\/classroom.google.com\/c\/NjgzODkyNTkzNDQ1?cjc=bkiiim2 \u00a0 Exegese do AT https:\/\/classroom.google.com\/c\/NjgyMDQ0ODAwOTk4?cjc=7nckrtj \u00a0 Educa\u00e7\u00e3o Crist\u00e3 II https:\/\/classroom.google.com\/c\/NjgyMDQ0NjEzMzA1?cjc=bv5tsxi \u00a0 An\u00e1lise Ef\u00e9sios https:\/\/classroom.google.com\/c\/NjgyMDQ0ODA1NzI2?cjc=3qi5ozq \u00a0 Panorama do AT \u2013 Po\u00e9ticos https:\/\/classroom.google.com\/c\/NjgyMDQ0ODQyNzAx?cjc=pzntgoe \u00a0 Antropologia Cultural e Contextualiza\u00e7\u00e3o https:\/\/classroom.google.com\/c\/NjgyMDQ0NzU1MDgy?cjc=ea23pdc \u00a0 Cenam 2024.1 [&hellip;]\" \/>\n<meta property=\"og:url\" content=\"https:\/\/ead-betelbrasileiro.com\/en\/relacao-de-modulos-do-mes\/\" \/>\n<meta property=\"og:site_name\" content=\"Ead-Betel Brasileiro (oficial)\" \/>\n<meta property=\"article:modified_time\" content=\"2024-05-28T14:20:16+00:00\" \/>\n<meta property=\"og:image\" content=\"https:\/\/ead-betelbrasileiro.com\/wp-content\/uploads\/2024\/04\/logo-ead.png\" \/>\n\t<meta property=\"og:image:width\" content=\"555\" \/>\n\t<meta property=\"og:image:height\" content=\"418\" \/>\n\t<meta property=\"og:image:type\" content=\"image\/png\" \/>\n<meta name=\"twitter:card\" content=\"summary_large_image\" \/>\n<meta name=\"twitter:label1\" content=\"Est. reading time\" \/>\n\t<meta name=\"twitter:data1\" content=\"1 minute\" \/>\n<script type=\"application\/ld+json\" class=\"yoast-schema-graph\">{\"@context\":\"https:\/\/schema.org\",\"@graph\":[{\"@type\":\"WebPage\",\"@id\":\"https:\/\/ead-betelbrasileiro.com\/relacao-de-modulos-do-mes\/\",\"url\":\"https:\/\/ead-betelbrasileiro.com\/relacao-de-modulos-do-mes\/\",\"name\":\"Rela\u00e7\u00e3o de m\u00f3dulos do m\u00eas - Ead-Betel Brasileiro (oficial)\",\"isPartOf\":{\"@id\":\"https:\/\/ead-betelbrasileiro.com\/#website\"},\"primaryImageOfPage\":{\"@id\":\"https:\/\/ead-betelbrasileiro.com\/relacao-de-modulos-do-mes\/#primaryimage\"},\"image\":{\"@id\":\"https:\/\/ead-betelbrasileiro.com\/relacao-de-modulos-do-mes\/#primaryimage\"},\"thumbnailUrl\":\"https:\/\/ead-betelbrasileiro.com\/wp-content\/uploads\/2024\/04\/logo-ead.png\",\"datePublished\":\"2023-08-31T13:27:18+00:00\",\"dateModified\":\"2024-05-28T14:20:16+00:00\",\"breadcrumb\":{\"@id\":\"https:\/\/ead-betelbrasileiro.com\/relacao-de-modulos-do-mes\/#breadcrumb\"},\"inLanguage\":\"en-US\",\"potentialAction\":[{\"@type\":\"ReadAction\",\"target\":[\"https:\/\/ead-betelbrasileiro.com\/relacao-de-modulos-do-mes\/\"]}]},{\"@type\":\"ImageObject\",\"inLanguage\":\"en-US\",\"@id\":\"https:\/\/ead-betelbrasileiro.com\/relacao-de-modulos-do-mes\/#primaryimage\",\"url\":\"https:\/\/ead-betelbrasileiro.com\/wp-content\/uploads\/2024\/04\/logo-ead.png\",\"contentUrl\":\"https:\/\/ead-betelbrasileiro.com\/wp-content\/uploads\/2024\/04\/logo-ead.png\",\"width\":555,\"height\":418},{\"@type\":\"BreadcrumbList\",\"@id\":\"https:\/\/ead-betelbrasileiro.com\/relacao-de-modulos-do-mes\/#breadcrumb\",\"itemListElement\":[{\"@type\":\"ListItem\",\"position\":1,\"name\":\"In\u00edcio\",\"item\":\"https:\/\/ead-betelbrasileiro.com\/\"},{\"@type\":\"ListItem\",\"position\":2,\"name\":\"Rela\u00e7\u00e3o de m\u00f3dulos do m\u00eas\"}]},{\"@type\":\"WebSite\",\"@id\":\"https:\/\/ead-betelbrasileiro.com\/#website\",\"url\":\"https:\/\/ead-betelbrasileiro.com\/\",\"name\":\"Ead-Betel Brasileiro (oficial)\",\"description\":\"S\u00f3 mais um site WordPress\",\"potentialAction\":[{\"@type\":\"SearchAction\",\"target\":{\"@type\":\"EntryPoint\",\"urlTemplate\":\"https:\/\/ead-betelbrasileiro.com\/?s={search_term_string}\"},\"query-input\":{\"@type\":\"PropertyValueSpecification\",\"valueRequired\":true,\"valueName\":\"search_term_string\"}}],\"inLanguage\":\"en-US\"}]}<\/script>\n<!-- \/ Yoast SEO plugin. -->","yoast_head_json":{"title":"Rela\u00e7\u00e3o de m\u00f3dulos do m\u00eas - Ead-Betel Brasileiro (oficial)","robots":{"index":"index","follow":"follow","max-snippet":"max-snippet:-1","max-image-preview":"max-image-preview:large","max-video-preview":"max-video-preview:-1"},"canonical":"https:\/\/ead-betelbrasileiro.com\/en\/relacao-de-modulos-do-mes\/","og_locale":"en_US","og_type":"article","og_title":"Rela\u00e7\u00e3o de m\u00f3dulos do m\u00eas - Ead-Betel Brasileiro (oficial)","og_description":"LINKS DOS M\u00d3DULOS JUNHO 2024.1 \u00a0 Lideran\u00e7a Crist\u00e3 https:\/\/classroom.google.com\/c\/NjgzOTAwNzA5ODIx?cjc=6sv2fzh \u00a0 Teologia Sist. (Bibliologia\/Teontologia) https:\/\/classroom.google.com\/c\/NjgzODk4MTUwMTk2?cjc=a6fh55q \u00a0 Geografia e Arq. B\u00edblica https:\/\/classroom.google.com\/c\/NjgzODk5MjAwMjI3?cjc=uy2dkrb \u00a0 Exegese do NT https:\/\/classroom.google.com\/c\/NjgzODkyNTkzNDQ1?cjc=bkiiim2 \u00a0 Exegese do AT https:\/\/classroom.google.com\/c\/NjgyMDQ0ODAwOTk4?cjc=7nckrtj \u00a0 Educa\u00e7\u00e3o Crist\u00e3 II https:\/\/classroom.google.com\/c\/NjgyMDQ0NjEzMzA1?cjc=bv5tsxi \u00a0 An\u00e1lise Ef\u00e9sios https:\/\/classroom.google.com\/c\/NjgyMDQ0ODA1NzI2?cjc=3qi5ozq \u00a0 Panorama do AT \u2013 Po\u00e9ticos https:\/\/classroom.google.com\/c\/NjgyMDQ0ODQyNzAx?cjc=pzntgoe \u00a0 Antropologia Cultural e Contextualiza\u00e7\u00e3o https:\/\/classroom.google.com\/c\/NjgyMDQ0NzU1MDgy?cjc=ea23pdc \u00a0 Cenam 2024.1 [&hellip;]","og_url":"https:\/\/ead-betelbrasileiro.com\/en\/relacao-de-modulos-do-mes\/","og_site_name":"Ead-Betel Brasileiro (oficial)","article_modified_time":"2024-05-28T14:20:16+00:00","og_image":[{"width":555,"height":418,"url":"https:\/\/ead-betelbrasileiro.com\/wp-content\/uploads\/2024\/04\/logo-ead.png","type":"image\/png"}],"twitter_card":"summary_large_image","twitter_misc":{"Est. reading time":"1 minute"},"schema":{"@context":"https:\/\/schema.org","@graph":[{"@type":"WebPage","@id":"https:\/\/ead-betelbrasileiro.com\/relacao-de-modulos-do-mes\/","url":"https:\/\/ead-betelbrasileiro.com\/relacao-de-modulos-do-mes\/","name":"Rela\u00e7\u00e3o de m\u00f3dulos do m\u00eas - Ead-Betel Brasileiro (oficial)","isPartOf":{"@id":"https:\/\/ead-betelbrasileiro.com\/#website"},"primaryImageOfPage":{"@id":"https:\/\/ead-betelbrasileiro.com\/relacao-de-modulos-do-mes\/#primaryimage"},"image":{"@id":"https:\/\/ead-betelbrasileiro.com\/relacao-de-modulos-do-mes\/#primaryimage"},"thumbnailUrl":"https:\/\/ead-betelbrasileiro.com\/wp-content\/uploads\/2024\/04\/logo-ead.png","datePublished":"2023-08-31T13:27:18+00:00","dateModified":"2024-05-28T14:20:16+00:00","breadcrumb":{"@id":"https:\/\/ead-betelbrasileiro.com\/relacao-de-modulos-do-mes\/#breadcrumb"},"inLanguage":"en-US","potentialAction":[{"@type":"ReadAction","target":["https:\/\/ead-betelbrasileiro.com\/relacao-de-modulos-do-mes\/"]}]},{"@type":"ImageObject","inLanguage":"en-US","@id":"https:\/\/ead-betelbrasileiro.com\/relacao-de-modulos-do-mes\/#primaryimage","url":"https:\/\/ead-betelbrasileiro.com\/wp-content\/uploads\/2024\/04\/logo-ead.png","contentUrl":"https:\/\/ead-betelbrasileiro.com\/wp-content\/uploads\/2024\/04\/logo-ead.png","width":555,"height":418},{"@type":"BreadcrumbList","@id":"https:\/\/ead-betelbrasileiro.com\/relacao-de-modulos-do-mes\/#breadcrumb","itemListElement":[{"@type":"ListItem","position":1,"name":"In\u00edcio","item":"https:\/\/ead-betelbrasileiro.com\/"},{"@type":"ListItem","position":2,"name":"Rela\u00e7\u00e3o de m\u00f3dulos do m\u00eas"}]},{"@type":"WebSite","@id":"https:\/\/ead-betelbrasileiro.com\/#website","url":"https:\/\/ead-betelbrasileiro.com\/","name":"Ead-Betel Brasileiro (oficial)","description":"S\u00f3 mais um site WordPress","potentialAction":[{"@type":"SearchAction","target":{"@type":"EntryPoint","urlTemplate":"https:\/\/ead-betelbrasileiro.com\/?s={search_term_string}"},"query-input":{"@type":"PropertyValueSpecification","valueRequired":true,"valueName":"search_term_string"}}],"inLanguage":"en-US"}]}},"uagb_featured_image_src":{"full":["https:\/\/ead-betelbrasileiro.com\/wp-content\/uploads\/2024\/04\/logo-ead.png",555,418,false],"thumbnail":["https:\/\/ead-betelbrasileiro.com\/wp-content\/uploads\/2024\/04\/logo-ead-150x150.png",150,150,true],"medium":["https:\/\/ead-betelbrasileiro.com\/wp-content\/uploads\/2024\/04\/logo-ead-300x226.png",300,226,true],"medium_large":["https:\/\/ead-betelbrasileiro.com\/wp-content\/uploads\/2024\/04\/logo-ead.png",555,418,false],"large":["https:\/\/ead-betelbrasileiro.com\/wp-content\/uploads\/2024\/04\/logo-ead.png",555,418,false],"1536x1536":["https:\/\/ead-betelbrasileiro.com\/wp-content\/uploads\/2024\/04\/logo-ead.png",555,418,false],"2048x2048":["https:\/\/ead-betelbrasileiro.com\/wp-content\/uploads\/2024\/04\/logo-ead.png",555,418,false],"trp-custom-language-flag":["https:\/\/ead-betelbrasileiro.com\/wp-content\/uploads\/2024\/04\/logo-ead-16x12.png",16,12,true],"web-stories-poster-portrait":["https:\/\/ead-betelbrasileiro.com\/wp-content\/uploads\/2024\/04\/logo-ead.png",555,418,false],"web-stories-publisher-logo":["https:\/\/ead-betelbrasileiro.com\/wp-content\/uploads\/2024\/04\/logo-ead-96x96.png",96,96,true],"web-stories-thumbnail":["https:\/\/ead-betelbrasileiro.com\/wp-content\/uploads\/2024\/04\/logo-ead-150x113.png",150,113,true],"epic-360x180":["https:\/\/ead-betelbrasileiro.com\/wp-content\/uploads\/2024\/04\/logo-ead-360x180.png",360,180,true],"epic-750x375":["https:\/\/ead-betelbrasileiro.com\/wp-content\/uploads\/2024\/04\/logo-ead-555x375.png",555,375,true],"epic-1140x570":["https:\/\/ead-betelbrasileiro.com\/wp-content\/uploads\/2024\/04\/logo-ead.png",555,418,false],"epic-120x86":["https:\/\/ead-betelbrasileiro.com\/wp-content\/uploads\/2024\/04\/logo-ead-120x86.png",120,86,true],"epic-350x250":["https:\/\/ead-betelbrasileiro.com\/wp-content\/uploads\/2024\/04\/logo-ead-350x250.png",350,250,true],"epic-750x536":["https:\/\/ead-betelbrasileiro.com\/wp-content\/uploads\/2024\/04\/logo-ead.png",555,418,false],"epic-1140x815":["https:\/\/ead-betelbrasileiro.com\/wp-content\/uploads\/2024\/04\/logo-ead.png",555,418,false],"epic-360x504":["https:\/\/ead-betelbrasileiro.com\/wp-content\/uploads\/2024\/04\/logo-ead-360x418.png",360,418,true],"epic-75x75":["https:\/\/ead-betelbrasileiro.com\/wp-content\/uploads\/2024\/04\/logo-ead-75x75.png",75,75,true],"epic-featured-750":["https:\/\/ead-betelbrasileiro.com\/wp-content\/uploads\/2024\/04\/logo-ead.png",555,418,false],"epic-featured-1140":["https:\/\/ead-betelbrasileiro.com\/wp-content\/uploads\/2024\/04\/logo-ead.png",555,418,false]},"uagb_author_info":{"display_name":"josiasmoura","author_link":"https:\/\/ead-betelbrasileiro.com\/en\/author\/josiasmoura\/"},"uagb_comment_info":0,"uagb_excerpt":"LINKS DOS M\u00d3DULOS JUNHO 2024.1 \u00a0 Lideran\u00e7a Crist\u00e3 https:\/\/classroom.google.com\/c\/NjgzOTAwNzA5ODIx?cjc=6sv2fzh \u00a0 Teologia Sist. (Bibliologia\/Teontologia) https:\/\/classroom.google.com\/c\/NjgzODk4MTUwMTk2?cjc=a6fh55q \u00a0 Geografia e Arq. B\u00edblica https:\/\/classroom.google.com\/c\/NjgzODk5MjAwMjI3?cjc=uy2dkrb \u00a0 Exegese do NT https:\/\/classroom.google.com\/c\/NjgzODkyNTkzNDQ1?cjc=bkiiim2 \u00a0 Exegese do AT https:\/\/classroom.google.com\/c\/NjgyMDQ0ODAwOTk4?cjc=7nckrtj \u00a0 Educa\u00e7\u00e3o Crist\u00e3 II https:\/\/classroom.google.com\/c\/NjgyMDQ0NjEzMzA1?cjc=bv5tsxi \u00a0 An\u00e1lise Ef\u00e9sios https:\/\/classroom.google.com\/c\/NjgyMDQ0ODA1NzI2?cjc=3qi5ozq \u00a0 Panorama do AT \u2013 Po\u00e9ticos https:\/\/classroom.google.com\/c\/NjgyMDQ0ODQyNzAx?cjc=pzntgoe \u00a0 Antropologia Cultural e Contextualiza\u00e7\u00e3o https:\/\/classroom.google.com\/c\/NjgyMDQ0NzU1MDgy?cjc=ea23pdc \u00a0 Cenam 2024.1&hellip;","jetpack_sharing_enabled":true,"_links":{"self":[{"href":"https:\/\/ead-betelbrasileiro.com\/en\/wp-json\/wp\/v2\/pages\/5092","targetHints":{"allow":["GET"]}}],"collection":[{"href":"https:\/\/ead-betelbrasileiro.com\/en\/wp-json\/wp\/v2\/pages"}],"about":[{"href":"https:\/\/ead-betelbrasileiro.com\/en\/wp-json\/wp\/v2\/types\/page"}],"author":[{"embeddable":true,"href":"https:\/\/ead-betelbrasileiro.com\/en\/wp-json\/wp\/v2\/users\/1"}],"replies":[{"embeddable":true,"href":"https:\/\/ead-betelbrasileiro.com\/en\/wp-json\/wp\/v2\/comments?post=5092"}],"version-history":[{"count":77,"href":"https:\/\/ead-betelbrasileiro.com\/en\/wp-json\/wp\/v2\/pages\/5092\/revisions"}],"predecessor-version":[{"id":5740,"href":"https:\/\/ead-betelbrasileiro.com\/en\/wp-json\/wp\/v2\/pages\/5092\/revisions\/5740"}],"wp:featuredmedia":[{"embeddable":true,"href":"https:\/\/ead-betelbrasileiro.com\/en\/wp-json\/wp\/v2\/media\/5721"}],"wp:attachment":[{"href":"https:\/\/ead-betelbrasileiro.com\/en\/wp-json\/wp\/v2\/media?parent=5092"}],"curies":[{"name":"wp","href":"https:\/\/api.w.org\/{rel}","templated":true}]}}