{"id":4559,"date":"2023-02-02T10:46:54","date_gmt":"2023-02-02T13:46:54","guid":{"rendered":"https:\/\/ead-betelbrasileiro.com\/?page_id=4559"},"modified":"2023-02-02T10:47:41","modified_gmt":"2023-02-02T13:47:41","slug":"formulario-minicurso-de-pregacao","status":"publish","type":"page","link":"https:\/\/ead-betelbrasileiro.com\/en\/formulario-minicurso-de-pregacao\/","title":{"rendered":"Formul\u00e1rio minicurso de Prega\u00e7\u00e3o"},"content":{"rendered":"\t\t<div data-elementor-type=\"wp-page\" data-elementor-id=\"4559\" class=\"elementor elementor-4559\" data-elementor-post-type=\"page\">\n\t\t\t\t\t\t<section class=\"elementor-section elementor-top-section elementor-element elementor-element-6f75294 elementor-section-boxed elementor-section-height-default elementor-section-height-default\" data-id=\"6f75294\" data-element_type=\"section\" data-e-type=\"section\">\n\t\t\t\t\t\t<div class=\"elementor-container elementor-column-gap-default\">\n\t\t\t\t\t<div class=\"elementor-column elementor-col-100 elementor-top-column elementor-element elementor-element-fefb4da\" data-id=\"fefb4da\" data-element_type=\"column\" data-e-type=\"column\">\n\t\t\t<div class=\"elementor-widget-wrap elementor-element-populated\">\n\t\t\t\t\t\t<div class=\"elementor-element elementor-element-dd853d3 elementor-widget elementor-widget-shortcode\" data-id=\"dd853d3\" data-element_type=\"widget\" data-e-type=\"widget\" data-widget_type=\"shortcode.default\">\n\t\t\t\t<div class=\"elementor-widget-container\">\n\t\t\t\t\t\t\t<div class=\"elementor-shortcode\"><div class=\"wpforms-container wpforms-container-full\" id=\"wpforms-4036\"><form id=\"wpforms-form-4036\" class=\"wpforms-validate wpforms-form\" data-formid=\"4036\" method=\"post\" enctype=\"multipart\/form-data\" action=\"\/en\/wp-json\/wp\/v2\/pages\/4559\" data-token=\"5f3894a935c0d77415e664ce95ed931a\"><noscript class=\"wpforms-error-noscript\">Please enable JavaScript in your browser to complete this form.<\/noscript><div class=\"wpforms-field-container\"><div id=\"wpforms-4036-field_0-container\" class=\"wpforms-field wpforms-field-text\" data-field-id=\"0\"><label class=\"wpforms-field-label\" for=\"wpforms-4036-field_0\">Nome completo <span class=\"wpforms-required-label\">*<\/span><\/label><input type=\"text\" id=\"wpforms-4036-field_0\" class=\"wpforms-field-medium wpforms-field-required\" name=\"wpforms[fields][0]\" required><\/div><div id=\"wpforms-4036-field_3-container\" class=\"wpforms-field wpforms-field-phone\" data-field-id=\"3\"><label class=\"wpforms-field-label\" for=\"wpforms-4036-field_3\">Telefone<\/label><input type=\"tel\" id=\"wpforms-4036-field_3\" class=\"wpforms-field-medium wpforms-smart-phone-field\" data-rule-smart-phone-field=\"true\" name=\"wpforms[fields][3]\" ><\/div><div id=\"wpforms-4036-field_4-container\" class=\"wpforms-field wpforms-field-email\" data-field-id=\"4\"><label class=\"wpforms-field-label\" for=\"wpforms-4036-field_4\">E-mail <span class=\"wpforms-required-label\">*<\/span><\/label><input type=\"email\" id=\"wpforms-4036-field_4\" class=\"wpforms-field-medium wpforms-field-required\" name=\"wpforms[fields][4]\" required><\/div><div id=\"wpforms-4036-field_5-container\" class=\"wpforms-field wpforms-field-text\" data-field-id=\"5\"><label class=\"wpforms-field-label\" for=\"wpforms-4036-field_5\">Cidade de origem<\/label><input type=\"text\" id=\"wpforms-4036-field_5\" class=\"wpforms-field-medium\" name=\"wpforms[fields][5]\" ><\/div><div id=\"wpforms-4036-field_7-container\" class=\"wpforms-field wpforms-field-radio\" data-field-id=\"7\"><label class=\"wpforms-field-label\" for=\"wpforms-4036-field_7\">Tem interesse em obter informa\u00e7\u00f5es sobre nossos cursos teol\u00f3gicos?<\/label><ul id=\"wpforms-4036-field_7\"><li class=\"choice-1 depth-1\"><input type=\"radio\" id=\"wpforms-4036-field_7_1\" name=\"wpforms[fields][7]\" value=\"Sim\"  ><label class=\"wpforms-field-label-inline\" for=\"wpforms-4036-field_7_1\">Sim<\/label><\/li><li class=\"choice-2 depth-1\"><input type=\"radio\" id=\"wpforms-4036-field_7_2\" name=\"wpforms[fields][7]\" value=\"N\u00e3o\"  ><label class=\"wpforms-field-label-inline\" for=\"wpforms-4036-field_7_2\">N\u00e3o<\/label><\/li><\/ul><\/div><div id=\"wpforms-4036-field_8-container\" class=\"wpforms-field wpforms-field-textarea\" data-field-id=\"8\"><label class=\"wpforms-field-label\" for=\"wpforms-4036-field_8\">J\u00e1 faz curso de teologia? Em caso positivo, onde faz?<\/label><textarea id=\"wpforms-4036-field_8\" class=\"wpforms-field-medium\" name=\"wpforms[fields][8]\" ><\/textarea><\/div><\/div><div class=\"wpforms-submit-container\"><input type=\"hidden\" name=\"wpforms[id]\" value=\"4036\"><input type=\"hidden\" name=\"wpforms[author]\" value=\"1\"><button type=\"submit\" name=\"wpforms[submit]\" id=\"wpforms-submit-4036\" class=\"wpforms-submit\" data-alt-text=\"Estamos gravando seu cadastro. Aguarde que iremos direcionar voc\u00ea para o curso gratuito de prega\u00e7\u00e3o B\u00edblica\" data-submit-text=\"Enviar\" aria-live=\"assertive\" value=\"wpforms-submit\">Enviar<\/button><\/div><\/form><\/div>  <!-- .wpforms-container --><\/div>\n\t\t\t\t\t\t<\/div>\n\t\t\t\t<\/div>\n\t\t\t\t\t<\/div>\n\t\t<\/div>\n\t\t\t\t\t<\/div>\n\t\t<\/section>\n\t\t\t\t<\/div>\n\t\t","protected":false},"excerpt":{"rendered":"","protected":false},"author":1,"featured_media":0,"parent":0,"menu_order":0,"comment_status":"closed","ping_status":"closed","template":"","meta":{"_eb_attr":"","_uag_custom_page_level_css":"","footnotes":""},"class_list":["post-4559","page","type-page","status-publish","hentry"],"yoast_head":"<!-- This site is optimized with the Yoast SEO plugin v27.2 - https:\/\/yoast.com\/product\/yoast-seo-wordpress\/ -->\n<title>Formul\u00e1rio minicurso de Prega\u00e7\u00e3o - Ead-Betel Brasileiro (oficial)<\/title>\n<meta name=\"robots\" content=\"index, follow, max-snippet:-1, max-image-preview:large, max-video-preview:-1\" \/>\n<link rel=\"canonical\" href=\"https:\/\/ead-betelbrasileiro.com\/en\/formulario-minicurso-de-pregacao\/\" \/>\n<meta property=\"og:locale\" content=\"en_US\" \/>\n<meta property=\"og:type\" content=\"article\" \/>\n<meta property=\"og:title\" content=\"Formul\u00e1rio minicurso de Prega\u00e7\u00e3o - Ead-Betel Brasileiro (oficial)\" \/>\n<meta property=\"og:url\" content=\"https:\/\/ead-betelbrasileiro.com\/en\/formulario-minicurso-de-pregacao\/\" \/>\n<meta property=\"og:site_name\" content=\"Ead-Betel Brasileiro (oficial)\" \/>\n<meta property=\"article:modified_time\" content=\"2023-02-02T13:47:41+00:00\" \/>\n<meta name=\"twitter:card\" content=\"summary_large_image\" \/>\n<meta name=\"twitter:label1\" content=\"Est. reading time\" \/>\n\t<meta name=\"twitter:data1\" content=\"1 minute\" \/>\n<script type=\"application\/ld+json\" class=\"yoast-schema-graph\">{\"@context\":\"https:\/\/schema.org\",\"@graph\":[{\"@type\":\"WebPage\",\"@id\":\"https:\/\/ead-betelbrasileiro.com\/formulario-minicurso-de-pregacao\/\",\"url\":\"https:\/\/ead-betelbrasileiro.com\/formulario-minicurso-de-pregacao\/\",\"name\":\"Formul\u00e1rio minicurso de Prega\u00e7\u00e3o - Ead-Betel Brasileiro (oficial)\",\"isPartOf\":{\"@id\":\"https:\/\/ead-betelbrasileiro.com\/#website\"},\"datePublished\":\"2023-02-02T13:46:54+00:00\",\"dateModified\":\"2023-02-02T13:47:41+00:00\",\"breadcrumb\":{\"@id\":\"https:\/\/ead-betelbrasileiro.com\/formulario-minicurso-de-pregacao\/#breadcrumb\"},\"inLanguage\":\"en-US\",\"potentialAction\":[{\"@type\":\"ReadAction\",\"target\":[\"https:\/\/ead-betelbrasileiro.com\/formulario-minicurso-de-pregacao\/\"]}]},{\"@type\":\"BreadcrumbList\",\"@id\":\"https:\/\/ead-betelbrasileiro.com\/formulario-minicurso-de-pregacao\/#breadcrumb\",\"itemListElement\":[{\"@type\":\"ListItem\",\"position\":1,\"name\":\"In\u00edcio\",\"item\":\"https:\/\/ead-betelbrasileiro.com\/\"},{\"@type\":\"ListItem\",\"position\":2,\"name\":\"Formul\u00e1rio minicurso de Prega\u00e7\u00e3o\"}]},{\"@type\":\"WebSite\",\"@id\":\"https:\/\/ead-betelbrasileiro.com\/#website\",\"url\":\"https:\/\/ead-betelbrasileiro.com\/\",\"name\":\"Ead-Betel Brasileiro (oficial)\",\"description\":\"S\u00f3 mais um site WordPress\",\"potentialAction\":[{\"@type\":\"SearchAction\",\"target\":{\"@type\":\"EntryPoint\",\"urlTemplate\":\"https:\/\/ead-betelbrasileiro.com\/?s={search_term_string}\"},\"query-input\":{\"@type\":\"PropertyValueSpecification\",\"valueRequired\":true,\"valueName\":\"search_term_string\"}}],\"inLanguage\":\"en-US\"}]}<\/script>\n<!-- \/ Yoast SEO plugin. -->","yoast_head_json":{"title":"Formul\u00e1rio minicurso de Prega\u00e7\u00e3o - Ead-Betel Brasileiro (oficial)","robots":{"index":"index","follow":"follow","max-snippet":"max-snippet:-1","max-image-preview":"max-image-preview:large","max-video-preview":"max-video-preview:-1"},"canonical":"https:\/\/ead-betelbrasileiro.com\/en\/formulario-minicurso-de-pregacao\/","og_locale":"en_US","og_type":"article","og_title":"Formul\u00e1rio minicurso de Prega\u00e7\u00e3o - Ead-Betel Brasileiro (oficial)","og_url":"https:\/\/ead-betelbrasileiro.com\/en\/formulario-minicurso-de-pregacao\/","og_site_name":"Ead-Betel Brasileiro (oficial)","article_modified_time":"2023-02-02T13:47:41+00:00","twitter_card":"summary_large_image","twitter_misc":{"Est. reading time":"1 minute"},"schema":{"@context":"https:\/\/schema.org","@graph":[{"@type":"WebPage","@id":"https:\/\/ead-betelbrasileiro.com\/formulario-minicurso-de-pregacao\/","url":"https:\/\/ead-betelbrasileiro.com\/formulario-minicurso-de-pregacao\/","name":"Formul\u00e1rio minicurso de Prega\u00e7\u00e3o - Ead-Betel Brasileiro (oficial)","isPartOf":{"@id":"https:\/\/ead-betelbrasileiro.com\/#website"},"datePublished":"2023-02-02T13:46:54+00:00","dateModified":"2023-02-02T13:47:41+00:00","breadcrumb":{"@id":"https:\/\/ead-betelbrasileiro.com\/formulario-minicurso-de-pregacao\/#breadcrumb"},"inLanguage":"en-US","potentialAction":[{"@type":"ReadAction","target":["https:\/\/ead-betelbrasileiro.com\/formulario-minicurso-de-pregacao\/"]}]},{"@type":"BreadcrumbList","@id":"https:\/\/ead-betelbrasileiro.com\/formulario-minicurso-de-pregacao\/#breadcrumb","itemListElement":[{"@type":"ListItem","position":1,"name":"In\u00edcio","item":"https:\/\/ead-betelbrasileiro.com\/"},{"@type":"ListItem","position":2,"name":"Formul\u00e1rio minicurso de Prega\u00e7\u00e3o"}]},{"@type":"WebSite","@id":"https:\/\/ead-betelbrasileiro.com\/#website","url":"https:\/\/ead-betelbrasileiro.com\/","name":"Ead-Betel Brasileiro (oficial)","description":"S\u00f3 mais um site WordPress","potentialAction":[{"@type":"SearchAction","target":{"@type":"EntryPoint","urlTemplate":"https:\/\/ead-betelbrasileiro.com\/?s={search_term_string}"},"query-input":{"@type":"PropertyValueSpecification","valueRequired":true,"valueName":"search_term_string"}}],"inLanguage":"en-US"}]}},"uagb_featured_image_src":{"full":false,"thumbnail":false,"medium":false,"medium_large":false,"large":false,"1536x1536":false,"2048x2048":false,"trp-custom-language-flag":false,"web-stories-poster-portrait":false,"web-stories-publisher-logo":false,"web-stories-thumbnail":false,"epic-360x180":false,"epic-750x375":false,"epic-1140x570":false,"epic-120x86":false,"epic-350x250":false,"epic-750x536":false,"epic-1140x815":false,"epic-360x504":false,"epic-75x75":false,"epic-featured-750":false,"epic-featured-1140":false},"uagb_author_info":{"display_name":"josiasmoura","author_link":"https:\/\/ead-betelbrasileiro.com\/en\/author\/josiasmoura\/"},"uagb_comment_info":0,"uagb_excerpt":null,"jetpack_sharing_enabled":true,"_links":{"self":[{"href":"https:\/\/ead-betelbrasileiro.com\/en\/wp-json\/wp\/v2\/pages\/4559","targetHints":{"allow":["GET"]}}],"collection":[{"href":"https:\/\/ead-betelbrasileiro.com\/en\/wp-json\/wp\/v2\/pages"}],"about":[{"href":"https:\/\/ead-betelbrasileiro.com\/en\/wp-json\/wp\/v2\/types\/page"}],"author":[{"embeddable":true,"href":"https:\/\/ead-betelbrasileiro.com\/en\/wp-json\/wp\/v2\/users\/1"}],"replies":[{"embeddable":true,"href":"https:\/\/ead-betelbrasileiro.com\/en\/wp-json\/wp\/v2\/comments?post=4559"}],"version-history":[{"count":4,"href":"https:\/\/ead-betelbrasileiro.com\/en\/wp-json\/wp\/v2\/pages\/4559\/revisions"}],"predecessor-version":[{"id":4563,"href":"https:\/\/ead-betelbrasileiro.com\/en\/wp-json\/wp\/v2\/pages\/4559\/revisions\/4563"}],"wp:attachment":[{"href":"https:\/\/ead-betelbrasileiro.com\/en\/wp-json\/wp\/v2\/media?parent=4559"}],"curies":[{"name":"wp","href":"https:\/\/api.w.org\/{rel}","templated":true}]}}